{"id":122,"date":"2021-08-10T09:20:59","date_gmt":"2021-08-10T09:20:59","guid":{"rendered":"https:\/\/aealvide.com\/klique\/?page_id=122"},"modified":"2021-08-14T11:18:33","modified_gmt":"2021-08-14T11:18:33","slug":"objetivo","status":"publish","type":"page","link":"https:\/\/aealvide.com\/klique\/objetivo\/","title":{"rendered":"Objetivo"},"content":{"rendered":"\n\n\n\n\n<h6 style=\"text-align: center;\"><span style=\"color: #ffffff;\"><span style=\"color: #ffffff;\"> O Agrupamento de Escolas de Alvide pretende com este projeto (KLICK.PT) promover a seguran\u00e7a na utiliza\u00e7\u00e3o de equipamentos de comunica\u00e7\u00e3o digital. Contamos com toda a Comunidade Educativa para promover e acrescentar valor ao processo de aprendizagem que, cada vez mais, passa para al\u00e9m dos limites f\u00edsicos da escola. Desejamos crian\u00e7as e jovens mais informados, mais respons\u00e1veis e mais confiantes na utiliza\u00e7\u00e3o de toda a comunica\u00e7\u00e3o digital.<\/span><\/span><\/h6>\n<p><span style=\"color: #rrggbb;\"><span style=\"color: #rrggbb;\">\n\n\n\n\n","protected":false},"excerpt":{"rendered":"","protected":false},"author":1,"featured_media":0,"parent":0,"menu_order":0,"comment_status":"closed","ping_status":"closed","template":"","meta":{"spay_email":"","footnotes":""},"class_list":["post-122","page","type-page","status-publish","hentry"],"_links":{"self":[{"href":"https:\/\/aealvide.com\/klique\/wp-json\/wp\/v2\/pages\/122","targetHints":{"allow":["GET"]}}],"collection":[{"href":"https:\/\/aealvide.com\/klique\/wp-json\/wp\/v2\/pages"}],"about":[{"href":"https:\/\/aealvide.com\/klique\/wp-json\/wp\/v2\/types\/page"}],"author":[{"embeddable":true,"href":"https:\/\/aealvide.com\/klique\/wp-json\/wp\/v2\/users\/1"}],"replies":[{"embeddable":true,"href":"https:\/\/aealvide.com\/klique\/wp-json\/wp\/v2\/comments?post=122"}],"version-history":[{"count":24,"href":"https:\/\/aealvide.com\/klique\/wp-json\/wp\/v2\/pages\/122\/revisions"}],"predecessor-version":[{"id":576,"href":"https:\/\/aealvide.com\/klique\/wp-json\/wp\/v2\/pages\/122\/revisions\/576"}],"wp:attachment":[{"href":"https:\/\/aealvide.com\/klique\/wp-json\/wp\/v2\/media?parent=122"}],"curies":[{"name":"wp","href":"https:\/\/api.w.org\/{rel}","templated":true}]}}