{"id":312,"date":"2021-08-12T00:17:23","date_gmt":"2021-08-12T00:17:23","guid":{"rendered":"https:\/\/aealvide.com\/klique\/?page_id=133"},"modified":"2024-08-04T14:24:03","modified_gmt":"2024-08-04T14:24:03","slug":"pe","status":"publish","type":"page","link":"https:\/\/aealvide.com\/klique\/pe\/","title":{"rendered":"Portugu\u00eas para Estrangeiros"},"content":{"rendered":"\n\n\n\nPortugu\u00eas Online\nInfop\u00e9dia\nTeste Diagn\u00f3stico 3\u00ba ao 6\u00ba ano\nTeste Diagn\u00f3stico 1\u00ba e 2\u00ba anos\nTeste Diagn\u00f3stico Ensino B\u00e1sico e Secund\u00e1rio\nGrelha de autoavalia\u00e7\u00e3o e descritores do Portef\u00f3lio Europeu de L\u00ednguas (10-15 anos) em: portugu\u00eas, ucraniano, mandarim e crioulo de Cabo Verde\n\n\n\n\n\n\n\nO meu primeiro Portef\u00f3lio\n\n\nEduca\u00e7\u00e3o B\u00e1sica 10-15 anos\n\n\nEnsino Secund\u00e1rio +16 anos\/Adultos\n\n\n\n\nThe High Commission for Migration, Public Institution, directly dependent of the Presidency of the Ministers Council, has the mission of collaborating on determining, executing and assessing the public, transversal and sectorial policies concerning migrations that are relevant for the integration of migrants in the national, international and Portuguese-speaking contexts, for the integration of the immigrants and ethnic groups  and for managing and valuing of the diversity between cultures, ethnics and religions.\n\n\nAprende portugu\u00eas de uma maneira divertida e eficaz.\n\n\nBase lexicogr\u00e1fica em l\u00edngua portuguesa, com muitos milh\u00f5es de defini\u00e7\u00f5es, exemplos e express\u00f5es em Portugu\u00eas, L\u00edngua Gestual Portuguesa, Ingl\u00eas, Espanhol, Franc\u00eas, Alem\u00e3o, Italiano, Neerland\u00eas, Chin\u00eas, T\u00e9tum, Grego e Sueco.\n\n\n\n\n\n\n","protected":false},"excerpt":{"rendered":"","protected":false},"author":1,"featured_media":0,"parent":0,"menu_order":0,"comment_status":"closed","ping_status":"closed","template":"","meta":{"spay_email":"","footnotes":""},"class_list":["post-312","page","type-page","status-publish","hentry"],"_links":{"self":[{"href":"https:\/\/aealvide.com\/klique\/wp-json\/wp\/v2\/pages\/312","targetHints":{"allow":["GET"]}}],"collection":[{"href":"https:\/\/aealvide.com\/klique\/wp-json\/wp\/v2\/pages"}],"about":[{"href":"https:\/\/aealvide.com\/klique\/wp-json\/wp\/v2\/types\/page"}],"author":[{"embeddable":true,"href":"https:\/\/aealvide.com\/klique\/wp-json\/wp\/v2\/users\/1"}],"replies":[{"embeddable":true,"href":"https:\/\/aealvide.com\/klique\/wp-json\/wp\/v2\/comments?post=312"}],"version-history":[{"count":37,"href":"https:\/\/aealvide.com\/klique\/wp-json\/wp\/v2\/pages\/312\/revisions"}],"predecessor-version":[{"id":799,"href":"https:\/\/aealvide.com\/klique\/wp-json\/wp\/v2\/pages\/312\/revisions\/799"}],"wp:attachment":[{"href":"https:\/\/aealvide.com\/klique\/wp-json\/wp\/v2\/media?parent=312"}],"curies":[{"name":"wp","href":"https:\/\/api.w.org\/{rel}","templated":true}]}}