{"id":535,"date":"2021-08-13T09:16:46","date_gmt":"2021-08-13T09:16:46","guid":{"rendered":"https:\/\/aealvide.com\/klique\/?page_id=535"},"modified":"2021-08-14T20:45:00","modified_gmt":"2021-08-14T20:45:00","slug":"o-que-farias","status":"publish","type":"page","link":"https:\/\/aealvide.com\/klique\/o-que-farias\/","title":{"rendered":"O que Farias?"},"content":{"rendered":"\n\n\n<h5>Escolhe uma situa\u00e7\u00e3o, clica em cima da imagem e d\u00e1 a tua opini\u00e3o. O que farias?<\/h5>\n\n\n\n\n\n\n\n\n\n\n\n\n\n\n\n\n\n\n\n\n\n\n\n\n\n\n\n\n\n\n\n\n\n\n\n\n\n\n\n\n\n\n\n\n\n\n\n\n\n\n\n\n\n\n\n\n\n\n\n\n\n\n\n\n\n\n\n\n\n\n","protected":false},"excerpt":{"rendered":"","protected":false},"author":1,"featured_media":0,"parent":0,"menu_order":0,"comment_status":"closed","ping_status":"closed","template":"","meta":{"spay_email":"","footnotes":""},"class_list":["post-535","page","type-page","status-publish","hentry"],"_links":{"self":[{"href":"https:\/\/aealvide.com\/klique\/wp-json\/wp\/v2\/pages\/535","targetHints":{"allow":["GET"]}}],"collection":[{"href":"https:\/\/aealvide.com\/klique\/wp-json\/wp\/v2\/pages"}],"about":[{"href":"https:\/\/aealvide.com\/klique\/wp-json\/wp\/v2\/types\/page"}],"author":[{"embeddable":true,"href":"https:\/\/aealvide.com\/klique\/wp-json\/wp\/v2\/users\/1"}],"replies":[{"embeddable":true,"href":"https:\/\/aealvide.com\/klique\/wp-json\/wp\/v2\/comments?post=535"}],"version-history":[{"count":37,"href":"https:\/\/aealvide.com\/klique\/wp-json\/wp\/v2\/pages\/535\/revisions"}],"predecessor-version":[{"id":645,"href":"https:\/\/aealvide.com\/klique\/wp-json\/wp\/v2\/pages\/535\/revisions\/645"}],"wp:attachment":[{"href":"https:\/\/aealvide.com\/klique\/wp-json\/wp\/v2\/media?parent=535"}],"curies":[{"name":"wp","href":"https:\/\/api.w.org\/{rel}","templated":true}]}}